{"id":14,"date":"2019-04-04T17:00:13","date_gmt":"2019-04-04T15:00:13","guid":{"rendered":"http:\/\/neu.roscheid.com\/?page_id=14"},"modified":"2024-09-16T15:13:25","modified_gmt":"2024-09-16T13:13:25","slug":"impressum","status":"publish","type":"page","link":"https:\/\/roscheid.de\/?page_id=14","title":{"rendered":"Impressum"},"content":{"rendered":"\n<p>Ortsgemeinde Roscheid<br> \u00fcber<br> Verbandsgemeindeverwaltung Arzfeld<br> Luxemburger Stra\u00dfe 6<br> 54687 Arzfeld<br> Telefon: 06550 &#8211; 9740<br> E-Mail: <a href=\"mailto:info@roscheid.de\">info (at)roscheid.de<\/a><br> Internet: www.roscheid.de<\/p>\n\n\n\n<p>Die Ortsgemeinde Roscheid ist eine K\u00f6rperschaft des \u00f6ffentlichen Rechts. Sie wird vertreten durch die Ortsb\u00fcrgermeisterin.<\/p>\n\n\n\n<p><strong>Haftungshinweis:<\/strong><br> Trotz sorgf\u00e4ltiger inhaltlicher Kontrolle \u00fcbernehmen wir keine Haftung f\u00fcr die Inhalte externer Links. F\u00fcr den Inhalt der verlinkten Seiten sind ausschlie\u00dflich deren Betreiber verantwortlich!<br><br><\/p>\n\n\n\n<p><strong>Autor:<\/strong><br> Verbandsgemeindeverwaltung Arzfeld<br> E-Mail: <a href=\"mailto:webmaster@roscheid.de\">webmaster(at) roscheid.de<\/a><\/p>\n","protected":false},"excerpt":{"rendered":"<p>Ortsgemeinde Roscheid \u00fcber Verbandsgemeindeverwaltung Arzfeld Luxemburger Stra\u00dfe 6 54687 Arzfeld Telefon: 06550 &#8211; 9740 E-Mail: info (at)roscheid.de Internet: www.roscheid.de Die Ortsgemeinde Roscheid ist eine K\u00f6rperschaft des \u00f6ffentlichen Rechts. Sie wird vertreten durch die Ortsb\u00fcrgermeisterin. Haftungshinweis: Trotz sorgf\u00e4ltiger inhaltlicher Kontrolle \u00fcbernehmen wir keine Haftung f\u00fcr die Inhalte externer Links. F\u00fcr den Inhalt der verlinkten Seiten sind ausschlie\u00dflich deren Betreiber verantwortlich! Autor:<\/p>\n","protected":false},"author":1,"featured_media":0,"parent":0,"menu_order":0,"comment_status":"closed","ping_status":"closed","template":"","meta":{"footnotes":""},"class_list":["post-14","page","type-page","status-publish","hentry"],"_links":{"self":[{"href":"https:\/\/roscheid.de\/index.php?rest_route=\/wp\/v2\/pages\/14","targetHints":{"allow":["GET"]}}],"collection":[{"href":"https:\/\/roscheid.de\/index.php?rest_route=\/wp\/v2\/pages"}],"about":[{"href":"https:\/\/roscheid.de\/index.php?rest_route=\/wp\/v2\/types\/page"}],"author":[{"embeddable":true,"href":"https:\/\/roscheid.de\/index.php?rest_route=\/wp\/v2\/users\/1"}],"replies":[{"embeddable":true,"href":"https:\/\/roscheid.de\/index.php?rest_route=%2Fwp%2Fv2%2Fcomments&post=14"}],"version-history":[{"count":4,"href":"https:\/\/roscheid.de\/index.php?rest_route=\/wp\/v2\/pages\/14\/revisions"}],"predecessor-version":[{"id":628,"href":"https:\/\/roscheid.de\/index.php?rest_route=\/wp\/v2\/pages\/14\/revisions\/628"}],"wp:attachment":[{"href":"https:\/\/roscheid.de\/index.php?rest_route=%2Fwp%2Fv2%2Fmedia&parent=14"}],"curies":[{"name":"wp","href":"https:\/\/api.w.org\/{rel}","templated":true}]}}