{"id":5,"date":"2019-04-04T16:23:33","date_gmt":"2019-04-04T14:23:33","guid":{"rendered":"http:\/\/neu.roscheid.com\/?page_id=5"},"modified":"2024-09-06T11:42:34","modified_gmt":"2024-09-06T09:42:34","slug":"willkommen-in-roscheid","status":"publish","type":"page","link":"https:\/\/roscheid.de\/","title":{"rendered":"Home"},"content":{"rendered":"\n<div class=\"alignnormal\"><div id=\"metaslider-id-94\" style=\"width: 100%;\" class=\"ml-slider-3-108-0 metaslider metaslider-flex metaslider-94 ml-slider has-dots-nav ms-theme-outline\" role=\"region\" aria-label=\"Ort\" data-height=\"300\" data-width=\"700\">\n    <div id=\"metaslider_container_94\">\n        <div id=\"metaslider_94\">\n            <ul class='slides'>\n                <li style=\"display: block; width: 100%;\" class=\"slide-339 ms-image \" aria-roledescription=\"slide\" data-date=\"2019-09-04 10:52:36\" data-filename=\"MZG01-700x300.jpg\" data-slide-type=\"image\"><img loading=\"lazy\" decoding=\"async\" src=\"https:\/\/roscheid.de\/wp-content\/uploads\/2019\/09\/MZG01-700x300.jpg\" height=\"300\" width=\"700\" alt=\"Mehrzweckgeb\u00e4ude\" class=\"slider-94 slide-339 msDefaultImage\" title=\"MZG01\" \/><\/li>\n                <li style=\"display: none; width: 100%;\" class=\"slide-341 ms-image \" aria-roledescription=\"slide\" data-date=\"2019-09-04 10:53:17\" data-filename=\"MZG02-700x300.jpg\" data-slide-type=\"image\"><img loading=\"lazy\" decoding=\"async\" src=\"https:\/\/roscheid.de\/wp-content\/uploads\/2019\/09\/MZG02-700x300.jpg\" height=\"300\" width=\"700\" alt=\"Mehrzweckgeb\u00e4ude\" class=\"slider-94 slide-341 msDefaultImage\" title=\"MZG02\" \/><\/li>\n                <li style=\"display: none; width: 100%;\" class=\"slide-340 ms-image \" aria-roledescription=\"slide\" data-date=\"2019-09-04 10:52:47\" data-filename=\"MZG03-700x300.jpg\" data-slide-type=\"image\"><img loading=\"lazy\" decoding=\"async\" src=\"https:\/\/roscheid.de\/wp-content\/uploads\/2019\/09\/MZG03-700x300.jpg\" height=\"300\" width=\"700\" alt=\"Mehrzweckgeb\u00e4ude\" class=\"slider-94 slide-340 msDefaultImage\" title=\"MZG03\" \/><\/li>\n                <li style=\"display: none; width: 100%;\" class=\"slide-326 ms-image \" aria-roledescription=\"slide\" data-date=\"2019-09-04 10:45:10\" data-filename=\"Ortseingang01-700x300.jpg\" data-slide-type=\"image\"><img loading=\"lazy\" decoding=\"async\" src=\"https:\/\/roscheid.de\/wp-content\/uploads\/2019\/09\/Ortseingang01-700x300.jpg\" height=\"300\" width=\"700\" alt=\"Ortseingang\" class=\"slider-94 slide-326 msDefaultImage\" title=\"Ortseingang01\" \/><\/li>\n                <li style=\"display: none; width: 100%;\" class=\"slide-327 ms-image \" aria-roledescription=\"slide\" data-date=\"2019-09-04 10:46:16\" data-filename=\"Ortseingang02-700x300.jpg\" data-slide-type=\"image\"><img loading=\"lazy\" decoding=\"async\" src=\"https:\/\/roscheid.de\/wp-content\/uploads\/2019\/09\/Ortseingang02-700x300.jpg\" height=\"300\" width=\"700\" alt=\"Ortseingang aus Richtung Harspelt\" class=\"slider-94 slide-327 msDefaultImage\" title=\"Ortseingang02\" \/><\/li>\n                <li style=\"display: none; width: 100%;\" class=\"slide-328 ms-image \" aria-roledescription=\"slide\" data-date=\"2019-09-04 10:47:00\" data-filename=\"Oberdorf02-700x300.jpg\" data-slide-type=\"image\"><img loading=\"lazy\" decoding=\"async\" src=\"https:\/\/roscheid.de\/wp-content\/uploads\/2019\/09\/Oberdorf02-700x300.jpg\" height=\"300\" width=\"700\" alt=\"Oberdorf\" class=\"slider-94 slide-328 msDefaultImage\" title=\"Oberdorf02\" \/><\/li>\n                <li style=\"display: none; width: 100%;\" class=\"slide-329 ms-image \" aria-roledescription=\"slide\" data-date=\"2019-09-04 10:47:30\" data-filename=\"Oberdorf05-700x300.jpg\" data-slide-type=\"image\"><img loading=\"lazy\" decoding=\"async\" src=\"https:\/\/roscheid.de\/wp-content\/uploads\/2019\/09\/Oberdorf05-700x300.jpg\" height=\"300\" width=\"700\" alt=\"Oberdorf\" class=\"slider-94 slide-329 msDefaultImage\" title=\"Oberdorf05\" \/><\/li>\n                <li style=\"display: none; width: 100%;\" class=\"slide-330 ms-image \" aria-roledescription=\"slide\" data-date=\"2019-09-04 10:47:45\" data-filename=\"Oberdorf04-700x300.jpg\" data-slide-type=\"image\"><img loading=\"lazy\" decoding=\"async\" src=\"https:\/\/roscheid.de\/wp-content\/uploads\/2019\/09\/Oberdorf04-700x300.jpg\" height=\"300\" width=\"700\" alt=\"Oberdorf\" class=\"slider-94 slide-330 msDefaultImage\" title=\"Oberdorf04\" \/><\/li>\n                <li style=\"display: none; width: 100%;\" class=\"slide-331 ms-image \" aria-roledescription=\"slide\" data-date=\"2019-09-04 10:48:08\" data-filename=\"Oberdorf01-700x300.jpg\" data-slide-type=\"image\"><img loading=\"lazy\" decoding=\"async\" src=\"https:\/\/roscheid.de\/wp-content\/uploads\/2019\/09\/Oberdorf01-700x300.jpg\" height=\"300\" width=\"700\" alt=\"Oberdorf\" class=\"slider-94 slide-331 msDefaultImage\" title=\"Oberdorf01\" \/><\/li>\n                <li style=\"display: none; width: 100%;\" class=\"slide-332 ms-image \" aria-roledescription=\"slide\" data-date=\"2019-09-04 10:48:28\" data-filename=\"Unterdorf03-700x300.jpg\" data-slide-type=\"image\"><img loading=\"lazy\" decoding=\"async\" src=\"https:\/\/roscheid.de\/wp-content\/uploads\/2019\/09\/Unterdorf03-700x300.jpg\" height=\"300\" width=\"700\" alt=\"Unterdorf\" class=\"slider-94 slide-332 msDefaultImage\" title=\"Unterdorf03\" \/><\/li>\n                <li style=\"display: none; width: 100%;\" class=\"slide-333 ms-image \" aria-roledescription=\"slide\" data-date=\"2019-09-04 10:48:40\" data-filename=\"Unterdorf02-700x300.jpg\" data-slide-type=\"image\"><img loading=\"lazy\" decoding=\"async\" src=\"https:\/\/roscheid.de\/wp-content\/uploads\/2019\/09\/Unterdorf02-700x300.jpg\" height=\"300\" width=\"700\" alt=\"Unterdorf\" class=\"slider-94 slide-333 msDefaultImage\" title=\"Unterdorf02\" \/><\/li>\n                <li style=\"display: none; width: 100%;\" class=\"slide-334 ms-image \" aria-roledescription=\"slide\" data-date=\"2019-09-04 10:48:53\" data-filename=\"Unterdorf01-700x300.jpg\" data-slide-type=\"image\"><img loading=\"lazy\" decoding=\"async\" src=\"https:\/\/roscheid.de\/wp-content\/uploads\/2019\/09\/Unterdorf01-700x300.jpg\" height=\"300\" width=\"700\" alt=\"Unterdorf\" class=\"slider-94 slide-334 msDefaultImage\" title=\"Unterdorf01\" \/><\/li>\n                <li style=\"display: none; width: 100%;\" class=\"slide-335 ms-image \" aria-roledescription=\"slide\" data-date=\"2019-09-04 10:49:45\" data-filename=\"Sitzgruppe01-700x300.jpg\" data-slide-type=\"image\"><img loading=\"lazy\" decoding=\"async\" src=\"https:\/\/roscheid.de\/wp-content\/uploads\/2019\/09\/Sitzgruppe01-700x300.jpg\" height=\"300\" width=\"700\" alt=\"Sitzgruppe am Ger\u00e4tehaus\" class=\"slider-94 slide-335 msDefaultImage\" title=\"Sitzgruppe01\" \/><\/li>\n            <\/ul>\n        <\/div>\n        \n    <\/div>\n<\/div><\/div>\n\n\n\n<h2 class=\"wp-block-heading\">Willkommen in Roscheid!<\/h2>\n\n\n\n<p>Herzlich willkommen auf der Internetseite der  Ortsgemeinde Roscheid.  Ich darf Sie zu einem virtuellen Bummel durch  unseren sch\u00f6nen Eifelort  einladen. Gerne w\u00fcrde ich Sie auch gelegentlich  pers\u00f6nlich bei uns  willkommen hei\u00dfen!  <\/p>\n\n\n\n<p>Caroline Candels<br>Ortsb\u00fcrgermeisterin<\/p>\n\n\n\n<p><\/p>\n\n\n\n<p><\/p>\n","protected":false},"excerpt":{"rendered":"<p>Willkommen in Roscheid! Herzlich willkommen auf der Internetseite der Ortsgemeinde Roscheid. Ich darf Sie zu einem virtuellen Bummel durch unseren sch\u00f6nen Eifelort einladen. Gerne w\u00fcrde ich Sie auch gelegentlich pers\u00f6nlich bei uns willkommen hei\u00dfen! Caroline CandelsOrtsb\u00fcrgermeisterin<\/p>\n","protected":false},"author":1,"featured_media":0,"parent":0,"menu_order":0,"comment_status":"closed","ping_status":"closed","template":"","meta":{"footnotes":""},"class_list":["post-5","page","type-page","status-publish","hentry"],"_links":{"self":[{"href":"https:\/\/roscheid.de\/index.php?rest_route=\/wp\/v2\/pages\/5","targetHints":{"allow":["GET"]}}],"collection":[{"href":"https:\/\/roscheid.de\/index.php?rest_route=\/wp\/v2\/pages"}],"about":[{"href":"https:\/\/roscheid.de\/index.php?rest_route=\/wp\/v2\/types\/page"}],"author":[{"embeddable":true,"href":"https:\/\/roscheid.de\/index.php?rest_route=\/wp\/v2\/users\/1"}],"replies":[{"embeddable":true,"href":"https:\/\/roscheid.de\/index.php?rest_route=%2Fwp%2Fv2%2Fcomments&post=5"}],"version-history":[{"count":30,"href":"https:\/\/roscheid.de\/index.php?rest_route=\/wp\/v2\/pages\/5\/revisions"}],"predecessor-version":[{"id":623,"href":"https:\/\/roscheid.de\/index.php?rest_route=\/wp\/v2\/pages\/5\/revisions\/623"}],"wp:attachment":[{"href":"https:\/\/roscheid.de\/index.php?rest_route=%2Fwp%2Fv2%2Fmedia&parent=5"}],"curies":[{"name":"wp","href":"https:\/\/api.w.org\/{rel}","templated":true}]}}