{"id":521,"date":"2022-03-25T09:12:46","date_gmt":"2022-03-25T08:12:46","guid":{"rendered":"http:\/\/roscheid.com\/?page_id=521"},"modified":"2024-04-11T17:42:43","modified_gmt":"2024-04-11T15:42:43","slug":"wappen-2","status":"publish","type":"page","link":"https:\/\/roscheid.de\/?page_id=521","title":{"rendered":"Wappen"},"content":{"rendered":"<div class=\"wp-block-image\">\n<figure class=\"alignright size-full\"><img loading=\"lazy\" decoding=\"async\" width=\"120\" height=\"147\" src=\"https:\/\/roscheid.de\/wp-content\/uploads\/2022\/03\/Wappen.gif\" alt=\"Wappen der Ortsgemeinde Roscheid\" class=\"wp-image-514\" title=\"Wappen der Ortsgemeinde Roscheid\"\/><\/figure>\n<\/div>\n\n\n<p><strong><u>BLASONIERUNG:<\/u><\/strong><\/p>\n\n\n\n<p>In Silber ein blauer Wellenbalken im Schildfu\u00df, dar\u00fcber eine rote, knorrige und entwurzelte Eiche mit je zwei seitlichen \u00c4sten mit jeweils zwei gestielten Eicheln, die Stiele rot, die Eicheln gr\u00fcn, die unteren \u00c4ste in zwei, die oberen \u00c4ste wie die Baumspitze in einem gr\u00fcnen Blatt endend, unterhalb des Wellenbalkens zwei gekreuzte rote \u00c4xte&nbsp; mit schwarzer Klinge.<\/p>\n\n\n\n<p><strong><u>WAPPENBEGR\u00dcNDUNG:<\/u><\/strong><\/p>\n\n\n\n<p>Die Heroldsfarben sind Rot und Silber, was der Grundherrschaft durch die Abtei Pr\u00fcm entspricht, sowie bis zum Ende der Feudalzeit (bis 1794) deren V\u00f6gte, den Grafen von Vianden. Die Abtei hat im sp\u00e4ten Mittelalter systematisch Siedlungsraum in den H\u00f6henlagen durch Rodungsma\u00dfnahmen erschlossen. Daf\u00fcr spricht die Endung des Ortsnamens auf \u2013scheid. Die \u00c4xte im Wappen weisen auf diese Entstehung hin. Ein Wasserlauf, dargestellt als blauer Wellenbalken, steht f\u00fcr vier B\u00e4che in der Gemarkung und an deren Grenze. Die knorrige Stieleiche im Alter von ca. 350 bis 400 Jahren ist als Naturdenkmal eingetragen und steht im Ortsteil Thomashaus. Sie ist gerade erwachsen geworden, steht noch etwa 300 Jahre und geht dann f\u00fcr 300 Jahre.<br><br><\/p>\n\n\n\n<p><strong><u>ENTWURF, ZEICHNUNG UND TEXT:<\/u><\/strong><\/p>\n\n\n\n<p>Dr. Christian Credner, Trier im September 2021, unter Mithilfe durch den Ortsb\u00fcrgermeister G\u00fcnter Nickels und Gerhard Klasen, Mitglied des Gemeinderats.<\/p>\n","protected":false},"excerpt":{"rendered":"<p>BLASONIERUNG: In Silber ein blauer Wellenbalken im Schildfu\u00df, dar\u00fcber eine rote, knorrige und entwurzelte Eiche mit je zwei seitlichen \u00c4sten mit jeweils zwei gestielten Eicheln, die Stiele rot, die Eicheln gr\u00fcn, die unteren \u00c4ste in zwei, die oberen \u00c4ste wie die Baumspitze in einem gr\u00fcnen Blatt endend, unterhalb des Wellenbalkens zwei gekreuzte rote \u00c4xte&nbsp; mit schwarzer Klinge. WAPPENBEGR\u00dcNDUNG: Die Heroldsfarben<\/p>\n","protected":false},"author":1,"featured_media":0,"parent":0,"menu_order":0,"comment_status":"closed","ping_status":"closed","template":"","meta":{"footnotes":""},"class_list":["post-521","page","type-page","status-publish","hentry"],"_links":{"self":[{"href":"https:\/\/roscheid.de\/index.php?rest_route=\/wp\/v2\/pages\/521","targetHints":{"allow":["GET"]}}],"collection":[{"href":"https:\/\/roscheid.de\/index.php?rest_route=\/wp\/v2\/pages"}],"about":[{"href":"https:\/\/roscheid.de\/index.php?rest_route=\/wp\/v2\/types\/page"}],"author":[{"embeddable":true,"href":"https:\/\/roscheid.de\/index.php?rest_route=\/wp\/v2\/users\/1"}],"replies":[{"embeddable":true,"href":"https:\/\/roscheid.de\/index.php?rest_route=%2Fwp%2Fv2%2Fcomments&post=521"}],"version-history":[{"count":5,"href":"https:\/\/roscheid.de\/index.php?rest_route=\/wp\/v2\/pages\/521\/revisions"}],"predecessor-version":[{"id":610,"href":"https:\/\/roscheid.de\/index.php?rest_route=\/wp\/v2\/pages\/521\/revisions\/610"}],"wp:attachment":[{"href":"https:\/\/roscheid.de\/index.php?rest_route=%2Fwp%2Fv2%2Fmedia&parent=521"}],"curies":[{"name":"wp","href":"https:\/\/api.w.org\/{rel}","templated":true}]}}